{"id":44,"date":"2017-12-25T12:39:00","date_gmt":"2017-12-25T12:39:00","guid":{"rendered":"https:\/\/calmart.de\/?page_id=44"},"modified":"2024-07-14T12:55:40","modified_gmt":"2024-07-14T12:55:40","slug":"impressum","status":"publish","type":"page","link":"https:\/\/calmart.de\/en\/impressum\/","title":{"rendered":"Impressum"},"content":{"rendered":"<p>Dirk Hoffmann<br \/>Landwehrstr. 16 B<br \/>28217 Bremen<\/p>\n<p><a href=\"mailto:info@hoffi99.de\">info@calmart.de<\/a><\/p>\n<p>Inhaltlich Verantwortlicher gem\u00e4\u00df \u00a7 18 Abs. 2 MStV: Dirk Hoffmann<\/p>\n<p>Dies ist kein kommerzieller Internetauftritt und beabsichtig lediglich visuelle Eindr\u00fccke wiederzugeben.<\/p>\n<p>\u00a0Dieser Internetauftritt verwendet keinerlei Speicherung von privaten Daten, Cookies oder andere M\u00f6glichkeiten der Identifizierung von Besuchern. (gem. DSGVO)<\/p>\n<p>Trotz sorgf\u00e4ltiger inhaltlicher Kontrolle \u00fcbernehme ich keine Haftung f\u00fcr die Inhalte externer Links. F\u00fcr den Inhalt der verlinkten Seiten sind ausschlie\u00dflich deren Betreiber verantwortlich.<\/p>\n\n\n<p><\/p>\n","protected":false},"excerpt":{"rendered":"<p>Dirk HoffmannLandwehrstr. 16 B28217 Bremen info@calmart.de Inhaltlich Verantwortlicher gem\u00e4\u00df \u00a7 18 Abs. 2 MStV: Dirk Hoffmann Dies ist kein kommerzieller Internetauftritt und beabsichtig lediglich visuelle Eindr\u00fccke wiederzugeben. \u00a0Dieser Internetauftritt verwendet keinerlei Speicherung von privaten Daten, Cookies oder andere M\u00f6glichkeiten der Identifizierung von Besuchern. (gem. DSGVO) &hellip; <a href=\"https:\/\/calmart.de\/en\/impressum\/\" class=\"more-link\"><span>Continue reading<span class=\"screen-reader-text\">Impressum<\/span><\/span><\/a><\/p>\n","protected":false},"author":2,"featured_media":0,"parent":0,"menu_order":0,"comment_status":"closed","ping_status":"closed","template":"","meta":{"footnotes":""},"class_list":["post-44","page","type-page","status-publish","hentry"],"translation":{"provider":"WPGlobus","version":"3.0.2","language":"en","enabled_languages":["de","en"],"languages":{"de":{"title":true,"content":true,"excerpt":false},"en":{"title":false,"content":false,"excerpt":false}}},"_links":{"self":[{"href":"https:\/\/calmart.de\/en\/wp-json\/wp\/v2\/pages\/44","targetHints":{"allow":["GET"]}}],"collection":[{"href":"https:\/\/calmart.de\/en\/wp-json\/wp\/v2\/pages"}],"about":[{"href":"https:\/\/calmart.de\/en\/wp-json\/wp\/v2\/types\/page"}],"author":[{"embeddable":true,"href":"https:\/\/calmart.de\/en\/wp-json\/wp\/v2\/users\/2"}],"replies":[{"embeddable":true,"href":"https:\/\/calmart.de\/en\/wp-json\/wp\/v2\/comments?post=44"}],"version-history":[{"count":6,"href":"https:\/\/calmart.de\/en\/wp-json\/wp\/v2\/pages\/44\/revisions"}],"predecessor-version":[{"id":1104,"href":"https:\/\/calmart.de\/en\/wp-json\/wp\/v2\/pages\/44\/revisions\/1104"}],"wp:attachment":[{"href":"https:\/\/calmart.de\/en\/wp-json\/wp\/v2\/media?parent=44"}],"curies":[{"name":"wp","href":"https:\/\/api.w.org\/{rel}","templated":true}]}}